{"id":26,"date":"2014-01-22T16:22:15","date_gmt":"2014-01-22T14:22:15","guid":{"rendered":"http:\/\/kla.mak-seminar.de\/?page_id=26"},"modified":"2023-08-15T11:43:40","modified_gmt":"2023-08-15T09:43:40","slug":"impressum","status":"publish","type":"page","link":"http:\/\/klangart-siegburg.de\/?page_id=26","title":{"rendered":"Impressum"},"content":{"rendered":"<p id=\"Impressum\"><strong>Angaben gem\u00e4\u00df \u00a7 5 TMG:<\/strong><\/p>\n<p>GbR KlangArt<\/p>\n<p>Ruslan Aliyev<br \/>\nR\u00f6srather Stra\u00dfe 7<br \/>\n53797 Lohmar<br \/>\nTel. 0179 7098993<br \/>\nE-mail : ruslan bei musikatelier[at]koeln.de<\/p>\n<p><strong>Steuerangaben<\/strong><br \/>\nDie Angabe einer Umsatzsteueridentifikationsnummer entf\u00e4llt: Wir sind von Umsatzsteuer befreit.<\/p>\n<p><em><strong>Verantwortlich f\u00fcr diese Homepage sind:<\/strong><\/em><strong><em><br \/>\n<\/em><\/strong>Sylke Hubl (Programmierung und Design)<br \/>\nE-mail: sylke.hub[at]gmx.de<br \/>\nTel.: 02241-969631<\/p>\n<p>Kathleen Klein (Inhalte)<br \/>\nWaldstr. 77<br \/>\n53721 Siegburg<br \/>\nE-mail: info[at]ebamme-der-rote-faden.de<br \/>\nTel.: 015782243654<\/p>\n<table style=\"height: 31px;\" width=\"336\">\n<tbody>\n<tr>\n<td><\/td>\n<td><\/td>\n<\/tr>\n<tr>\n<td><\/td>\n<td><\/td>\n<\/tr>\n<tr>\n<td><\/td>\n<td><\/td>\n<\/tr>\n<\/tbody>\n<\/table>\n<p>Quelle: <i><a href=\"http:\/\/www.e-recht24.de\" rel=\"nofollow\">http:\/\/www.e-recht24.de<\/a><\/i><\/p>\n<p><strong>Haftung f\u00fcr Inhalte<\/strong><\/p>\n<p>Als Diensteanbieter sind wir gem\u00e4\u00df \u00a7 7 Abs.1 TMG f\u00fcr<br \/>\neigene Inhalte auf diesen Seiten nach den allgemeinen Gesetzen verantwortlich.<br \/>\nNach \u00a7\u00a7 8 bis 10 TMG sind wir als Diensteanbieter jedoch nicht<br \/>\nverpflichtet, \u00fcbermittelte oder gespeicherte fremde Informationen zu<br \/>\n\u00fcberwachen oder nach Umst\u00e4nden zu forschen, die auf eine rechtswidrige<br \/>\nT\u00e4tigkeit hinweisen. Verpflichtungen zur Entfernung oder Sperrung der<br \/>\nNutzung von Informationen nach den allgemeinen Gesetzen bleiben hiervon<br \/>\nunber\u00fchrt. Eine diesbez\u00fcgliche Haftung ist jedoch erst ab dem<br \/>\nZeitpunkt der Kenntnis einer konkreten Rechtsverletzung m\u00f6glich. Bei<br \/>\nBekanntwerden von entsprechenden Rechtsverletzungen werden wir diese Inhalte<br \/>\numgehend entfernen.<\/p>\n<p><strong>Haftung f\u00fcr Links<\/strong><\/p>\n<p>Unser Angebot enth\u00e4lt Links zu externen Webseiten Dritter, auf deren<br \/>\nInhalte wir keinen Einfluss haben. Deshalb k\u00f6nnen wir f\u00fcr diese<br \/>\nfremden Inhalte auch keine Gew\u00e4hr \u00fcbernehmen. F\u00fcr die Inhalte<br \/>\nder verlinkten Seiten ist stets der jeweilige Anbieter oder Betreiber der<br \/>\nSeiten verantwortlich. Die verlinkten Seiten wurden zum Zeitpunkt der Verlinkung<br \/>\nauf m\u00f6gliche Rechtsverst\u00f6\u00dfe \u00fcberpr\u00fcft. Rechtswidrige<br \/>\nInhalte waren zum Zeitpunkt der Verlinkung nicht erkennbar. Eine permanente<br \/>\ninhaltliche Kontrolle der verlinkten Seiten ist jedoch ohne konkrete Anhaltspunkte<br \/>\neiner Rechtsverletzung nicht zumutbar. Bei Bekanntwerden von Rechtsverletzungen<br \/>\nwerden wir derartige Links umgehend entfernen.<\/p>\n<p><strong>Urheberrecht<\/strong><\/p>\n<p>Die durch die Seitenbetreiber erstellten Inhalte und Werke auf diesen Seiten<br \/>\nunterliegen dem deutschen Urheberrecht. Die Vervielf\u00e4ltigung, Bearbeitung, Verbreitung und<br \/>\njede Art der Verwertung au\u00dferhalb der Grenzen des Urheberrechtes bed\u00fcrfen<br \/>\nder schriftlichen Zustimmung des jeweiligen Autors bzw. Erstellers. Downloads<br \/>\nund Kopien dieser Seite sind nur f\u00fcr den privaten, nicht kommerziellen<br \/>\nGebrauch gestattet. Soweit die Inhalte auf dieser Seite nicht vom Betreiber erstellt wurden,<br \/>\nwerden die Urheberrechte Dritter beachtet. Insbesondere werden Inhalte Dritter als solche<br \/>\ngekennzeichnet. Sollten Sie trotzdem auf eine Urheberrechtsverletzung aufmerksam werden, bitten wir um einen entsprechenden Hinweis.<br \/>\nBei Bekanntwerden von Rechtsverletzungen werden wir derartige Inhalte umgehend entfernen.<\/p>\n<p><i>Quellverweis: <a href=\"http:\/\/www.e-recht24.de\/muster-disclaimer.html\" target=\"_blank\" rel=\"nofollow noopener\">Disclaimer eRecht24<\/a><\/i><\/p>\n<p>klangart@mad-matt.de<\/p>\n","protected":false},"excerpt":{"rendered":"<p>Angaben gem\u00e4\u00df \u00a7 5 TMG: GbR KlangArt Ruslan Aliyev R\u00f6srather Stra\u00dfe 7 53797 Lohmar Tel. 0179 7098993 E-mail : ruslan bei musikatelier[at]koeln.de Steuerangaben Die Angabe einer Umsatzsteueridentifikationsnummer entf\u00e4llt: Wir sind von Umsatzsteuer befreit. Verantwortlich f\u00fcr diese Homepage sind: Sylke Hubl (Programmierung und Design) E-mail: sylke.hub[at]gmx.de Tel.: 02241-969631 Kathleen Klein (Inhalte) Waldstr. 77 53721 Siegburg E-mail: [&hellip;]<\/p>\n","protected":false},"author":1,"featured_media":0,"parent":0,"menu_order":0,"comment_status":"open","ping_status":"open","template":"","meta":{"footnotes":""},"class_list":["post-26","page","type-page","status-publish","hentry"],"_links":{"self":[{"href":"http:\/\/klangart-siegburg.de\/index.php?rest_route=\/wp\/v2\/pages\/26","targetHints":{"allow":["GET"]}}],"collection":[{"href":"http:\/\/klangart-siegburg.de\/index.php?rest_route=\/wp\/v2\/pages"}],"about":[{"href":"http:\/\/klangart-siegburg.de\/index.php?rest_route=\/wp\/v2\/types\/page"}],"author":[{"embeddable":true,"href":"http:\/\/klangart-siegburg.de\/index.php?rest_route=\/wp\/v2\/users\/1"}],"replies":[{"embeddable":true,"href":"http:\/\/klangart-siegburg.de\/index.php?rest_route=%2Fwp%2Fv2%2Fcomments&post=26"}],"version-history":[{"count":22,"href":"http:\/\/klangart-siegburg.de\/index.php?rest_route=\/wp\/v2\/pages\/26\/revisions"}],"predecessor-version":[{"id":688,"href":"http:\/\/klangart-siegburg.de\/index.php?rest_route=\/wp\/v2\/pages\/26\/revisions\/688"}],"wp:attachment":[{"href":"http:\/\/klangart-siegburg.de\/index.php?rest_route=%2Fwp%2Fv2%2Fmedia&parent=26"}],"curies":[{"name":"wp","href":"https:\/\/api.w.org\/{rel}","templated":true}]}}