{"id":2,"date":"2014-01-21T11:05:44","date_gmt":"2014-01-21T11:05:44","guid":{"rendered":"http:\/\/klangart-siegburg.de\/?page_id=2"},"modified":"2019-11-29T16:02:58","modified_gmt":"2019-11-29T14:02:58","slug":"beispiel-seite","status":"publish","type":"page","link":"http:\/\/klangart-siegburg.de\/?page_id=2","title":{"rendered":"\u00dcber uns"},"content":{"rendered":"<h3 style=\"text-align: center;\"><span style=\"color: #333333;\"><strong><em><span style=\"color: #808080;\"><span style=\"color: #800000;\">\u00dcber uns lesen Sie in der<\/span><\/span><\/em><\/strong><\/span><\/h3>\n<h1 style=\"text-align: center;\"><a href=\"http:\/\/klangart-siegburg.de\/wp-content\/uploads\/2019\/11\/2019-Sommerausgabe-Stadtverf\u00fchrer-KlArt-Zeitschrift.pdf\">2019 Sommerausgabe Stadtverf\u00fchrer<\/a><\/h1>\n<p style=\"text-align: center;\">\u00a0<\/p>\n<h3><span style=\"color: #333333;\"><strong><em><span style=\"color: #808080;\"><span style=\"color: #800000;\">Unseren Chor leitet Ruslan Aliyev&#8230;<\/span><a href=\"http:\/\/klangart-siegburg.de\/wp-content\/uploads\/2019\/11\/N71_8061.jpg\"><img loading=\"lazy\" decoding=\"async\" class=\"wp-image-564 size-medium alignright\" src=\"http:\/\/klangart-siegburg.de\/wp-content\/uploads\/2019\/11\/N71_8061-300x200.jpg\" alt=\"\" width=\"300\" height=\"200\" srcset=\"http:\/\/klangart-siegburg.de\/wp-content\/uploads\/2019\/11\/N71_8061-300x200.jpg 300w, http:\/\/klangart-siegburg.de\/wp-content\/uploads\/2019\/11\/N71_8061-768x512.jpg 768w, http:\/\/klangart-siegburg.de\/wp-content\/uploads\/2019\/11\/N71_8061-1024x683.jpg 1024w, http:\/\/klangart-siegburg.de\/wp-content\/uploads\/2019\/11\/N71_8061-624x416.jpg 624w\" sizes=\"auto, (max-width: 300px) 100vw, 300px\" \/><\/a><\/span><\/em><\/strong><\/span><\/h3>\n<p>Unser Chor steht und f\u00e4llt mit Ruslan Aliyev, geb\u00fcrtiger Aserbaidschaner, mehrfach diplomierter Gesangs- und Musikp\u00e4dagoge, lyrischer Bariton und als solcher als Solist zu sehen und zu h\u00f6ren, Leiter verschiedener Ch\u00f6re sowie des Musikateliers K\u00f6ln. Hier bringt er ein umfangreiches musikalisches Wissen, Lebenserfahrung und Menschenkenntnis mit in seine Arbeit.<\/p>\n<p style=\"text-align: left;\">Quelle seiner Beliebtheit ist Ruslans Lebendigkeit, die er auf uns Chormitglieder und w\u00e4hrend der Auftritte auf das Publikum \u00fcbertr\u00e4gt. Es macht Spa\u00df, Ruslan in seiner Arbeit zu erleben und zu sp\u00fcren, wie er in der Musik mit- und aufgeht. Seine Vielschichtigkeit zeichnet sich durch unersch\u00f6pflichen Humor, Feinf\u00fchligkeit\u00a0 und Einf\u00fchlung, Lebensfreude, Liebe zu den Menschen und zur Musik aus. Es gelingt ihm s\u00e4mtliche Gef\u00fchle, die uns allen bekannt sind,\u00a0 in die Musik zu integrieren.<br \/>So findet sich jeder\u00a0 wieder &#8211; ob nun als Chormitglied oder als Zuh\u00f6rer.<\/p>\n<p><em><strong>Auf folgenden Links k\u00f6nnen Sie mehr \u00fcber Ruslan Aliyev erfahren &#8211; es lohnt sich:<\/strong><\/em><\/p>\n<p><a href=\"http:\/\/musikatelier-koeln.de\/leitung\/\">http:\/\/musikatelier-koeln.de\/leitung\/<\/a><br \/><a href=\"http:\/\/musikatelier-koeln.de\/\">http:\/\/musikatelier-koeln.de\/<\/a><br \/><a href=\"http:\/\/www.primaevoce.de\/agent.html\">http:\/\/www.primaevoce.de\/agent.html<\/a><\/p>\n<h3><span style=\"color: #800000;\"><em>Die ersten Schritte von KlangArt&#8230;<\/em><\/span><\/h3>\n<p>Aus Anlass einer Jubil\u00e4umsfeier gr\u00fcndeten Eltern einer Schule einen Projektchor, aus dem 2010 der gemischte Chor KlangArt hervorging. Als Chorleiter konnte Ruslan Aliyev engagiert werden und pl\u00f6tzlich waren die Eltern selber wieder Sch\u00fcler.<\/p>\n<p>Die ersten Auftritte absolvierte der Chor mit urspr\u00fcnglich 17 Mitgliedern, heute sind es \u00fcber 50 zwischen 28 und 75 Jahre jung.<\/p>\n<p>Der Durchbruch gelang dem Chor im Mai 2011 in der Rhein-Sieg-Halle. KlangArt begeisterte das Publikum im Rahmen des Chorfestivals &#8222;Siegburg singt &#8211; Siegburg swingt&#8220; mit sieben weiteren teilnehmenden Ch\u00f6ren.<br \/>Die Zuh\u00f6rer sprachen vor Kritikern von einer &#8222;Sternstunde f\u00fcr Siegburg&#8220;. Zu diesem Zeitpunkt lag die Gr\u00fcndung erst ein Jahr zur\u00fcck.<\/p>\n<h3><span style=\"color: #800000;\"><em>So nimmt man uns wahr: Pressestimmen \u00fcber unseren Chor&#8230;<br \/><\/em><\/span><\/h3>\n<p>Wir freuen uns nat\u00fcrlich, wenn die Presse\u00a0 positiv \u00fcber uns berichtet.<br \/>Selbst die gro\u00dfartige\u00a0 Chorgemeinschaft\u00a0 &#8222;Germania&#8220; Siegburg schreibt \u00fcber uns.<\/p>\n<p>Bitte folgen Sie dem Unterpunkt &#8222;\u00dcber Uns&#8220;<\/p>\n<h3><span style=\"color: #800000;\"><em>\u00a0<\/em><\/span><\/h3>\n<p><span style=\"color: #800000;\"><em>\u00a0<\/em><\/span><\/p>\n<p>\u00a0<\/p>\n<p><strong><em>\u00a0<\/em><\/strong><\/p>\n\n\n<p><\/p>\n","protected":false},"excerpt":{"rendered":"<p>\u00dcber uns lesen Sie in der 2019 Sommerausgabe Stadtverf\u00fchrer \u00a0 Unseren Chor leitet Ruslan Aliyev&#8230; Unser Chor steht und f\u00e4llt mit Ruslan Aliyev, geb\u00fcrtiger Aserbaidschaner, mehrfach diplomierter Gesangs- und Musikp\u00e4dagoge, lyrischer Bariton und als solcher als Solist zu sehen und zu h\u00f6ren, Leiter verschiedener Ch\u00f6re sowie des Musikateliers K\u00f6ln. Hier bringt er ein umfangreiches musikalisches [&hellip;]<\/p>\n","protected":false},"author":1,"featured_media":0,"parent":0,"menu_order":0,"comment_status":"open","ping_status":"open","template":"","meta":{"footnotes":""},"class_list":["post-2","page","type-page","status-publish","hentry"],"_links":{"self":[{"href":"http:\/\/klangart-siegburg.de\/index.php?rest_route=\/wp\/v2\/pages\/2","targetHints":{"allow":["GET"]}}],"collection":[{"href":"http:\/\/klangart-siegburg.de\/index.php?rest_route=\/wp\/v2\/pages"}],"about":[{"href":"http:\/\/klangart-siegburg.de\/index.php?rest_route=\/wp\/v2\/types\/page"}],"author":[{"embeddable":true,"href":"http:\/\/klangart-siegburg.de\/index.php?rest_route=\/wp\/v2\/users\/1"}],"replies":[{"embeddable":true,"href":"http:\/\/klangart-siegburg.de\/index.php?rest_route=%2Fwp%2Fv2%2Fcomments&post=2"}],"version-history":[{"count":65,"href":"http:\/\/klangart-siegburg.de\/index.php?rest_route=\/wp\/v2\/pages\/2\/revisions"}],"predecessor-version":[{"id":612,"href":"http:\/\/klangart-siegburg.de\/index.php?rest_route=\/wp\/v2\/pages\/2\/revisions\/612"}],"wp:attachment":[{"href":"http:\/\/klangart-siegburg.de\/index.php?rest_route=%2Fwp%2Fv2%2Fmedia&parent=2"}],"curies":[{"name":"wp","href":"https:\/\/api.w.org\/{rel}","templated":true}]}}