{"id":129,"date":"2014-11-23T15:25:13","date_gmt":"2014-11-23T13:25:13","guid":{"rendered":"http:\/\/kla.mak-seminar.de\/?page_id=129"},"modified":"2019-11-29T16:07:47","modified_gmt":"2019-11-29T14:07:47","slug":"probe","status":"publish","type":"page","link":"http:\/\/klangart-siegburg.de\/?page_id=129","title":{"rendered":"Probe"},"content":{"rendered":"<h3><span style=\"color: #800000;\"><em>Proben&#8230;<\/em><\/span><\/h3>\n<p><a href=\"http:\/\/klangart-siegburg.de\/wp-content\/uploads\/2019\/11\/IMG-20180624-WA0002-e1574960241927.jpg\"><img loading=\"lazy\" decoding=\"async\" class=\"alignnone wp-image-585 size-large\" src=\"http:\/\/klangart-siegburg.de\/wp-content\/uploads\/2019\/11\/IMG-20180624-WA0002-e1574960241927-1024x520.jpg\" alt=\"\" width=\"625\" height=\"317\" \/><\/a><\/p>\n<p>m\u00fcssen wir nat\u00fcrlich auch&#8230;<\/p>\n<p>Wir treffen uns jeden Donnerstag von 20.00 &#8211; 22.00 Uhr in der Erl\u00f6serkirche Siegburg, Jahnstr. 2-4.<\/p>\n<p><em><span style=\"color: #800000;\"><strong>Wir freuen und f\u00fchlen uns immer geehrt, wenn neue S\u00e4nger zu uns sto\u00dfen wollen, sind aber jetzt an unsere Grenzen gesto\u00dfen und k\u00f6nnen zur Zeit leider niemanden mehr aufnehmen.\u00a0<\/strong><\/span><\/em><\/p>\n","protected":false},"excerpt":{"rendered":"<p>Proben&#8230; m\u00fcssen wir nat\u00fcrlich auch&#8230; Wir treffen uns jeden Donnerstag von 20.00 &#8211; 22.00 Uhr in der Erl\u00f6serkirche Siegburg, Jahnstr. 2-4. Wir freuen und f\u00fchlen uns immer geehrt, wenn neue S\u00e4nger zu uns sto\u00dfen wollen, sind aber jetzt an unsere Grenzen gesto\u00dfen und k\u00f6nnen zur Zeit leider niemanden mehr aufnehmen.\u00a0<\/p>\n","protected":false},"author":2,"featured_media":0,"parent":0,"menu_order":0,"comment_status":"closed","ping_status":"open","template":"","meta":{"footnotes":""},"class_list":["post-129","page","type-page","status-publish","hentry"],"_links":{"self":[{"href":"http:\/\/klangart-siegburg.de\/index.php?rest_route=\/wp\/v2\/pages\/129","targetHints":{"allow":["GET"]}}],"collection":[{"href":"http:\/\/klangart-siegburg.de\/index.php?rest_route=\/wp\/v2\/pages"}],"about":[{"href":"http:\/\/klangart-siegburg.de\/index.php?rest_route=\/wp\/v2\/types\/page"}],"author":[{"embeddable":true,"href":"http:\/\/klangart-siegburg.de\/index.php?rest_route=\/wp\/v2\/users\/2"}],"replies":[{"embeddable":true,"href":"http:\/\/klangart-siegburg.de\/index.php?rest_route=%2Fwp%2Fv2%2Fcomments&post=129"}],"version-history":[{"count":23,"href":"http:\/\/klangart-siegburg.de\/index.php?rest_route=\/wp\/v2\/pages\/129\/revisions"}],"predecessor-version":[{"id":614,"href":"http:\/\/klangart-siegburg.de\/index.php?rest_route=\/wp\/v2\/pages\/129\/revisions\/614"}],"wp:attachment":[{"href":"http:\/\/klangart-siegburg.de\/index.php?rest_route=%2Fwp%2Fv2%2Fmedia&parent=129"}],"curies":[{"name":"wp","href":"https:\/\/api.w.org\/{rel}","templated":true}]}}